{"id":1735,"date":"2021-01-28T14:30:38","date_gmt":"2021-01-28T14:30:38","guid":{"rendered":"https:\/\/hardscaper.com\/all-courses\/"},"modified":"2026-04-08T12:03:15","modified_gmt":"2026-04-08T16:03:15","slug":"all-courses","status":"publish","type":"page","link":"https:\/\/hardscaper.com\/fr\/all-courses\/","title":{"rendered":"All courses"},"content":{"rendered":"\t\t<div data-elementor-type=\"wp-page\" data-elementor-id=\"1735\" class=\"elementor elementor-1735 elementor-102\" data-elementor-post-type=\"page\">\n\t\t\t\t\t\t<section class=\"elementor-section elementor-top-section elementor-element elementor-element-40afb86 elementor-section-full_width elementor-section-height-min-height elementor-section-stretched elementor-section-height-default elementor-section-items-middle magic-button-disabled-no\" data-id=\"40afb86\" data-element_type=\"section\" data-settings=\"{&quot;stretch_section&quot;:&quot;section-stretched&quot;,&quot;background_background&quot;:&quot;classic&quot;}\">\n\t\t\t\t\t\t<div class=\"elementor-container elementor-column-gap-no\">\n\t\t\t\t\t<div class=\"elementor-column elementor-col-100 elementor-top-column elementor-element elementor-element-909e2f2\" data-id=\"909e2f2\" data-element_type=\"column\">\n\t\t\t<div class=\"elementor-widget-wrap elementor-element-populated\">\n\t\t\t\t\t\t<div class=\"elementor-element elementor-element-3e1cc47 elementor-absolute elementor-widget elementor-widget-heading\" data-id=\"3e1cc47\" data-element_type=\"widget\" data-settings=\"{&quot;_position&quot;:&quot;absolute&quot;}\" data-widget_type=\"heading.default\">\n\t\t\t\t<div class=\"elementor-widget-container\">\n\t\t\t\t\t<h1 class=\"elementor-heading-title elementor-size-default\">COURS<\/h1>\t\t\t\t<\/div>\n\t\t\t\t<\/div>\n\t\t\t\t\t<\/div>\n\t\t<\/div>\n\t\t\t\t\t<\/div>\n\t\t<\/section>\n\t\t\t\t<section class=\"elementor-section elementor-top-section elementor-element elementor-element-9038e8b elementor-section-stretched elementor-section-boxed elementor-section-height-default elementor-section-height-default magic-button-disabled-no\" data-id=\"9038e8b\" data-element_type=\"section\" data-settings=\"{&quot;stretch_section&quot;:&quot;section-stretched&quot;,&quot;background_background&quot;:&quot;classic&quot;}\">\n\t\t\t\t\t\t<div class=\"elementor-container elementor-column-gap-default\">\n\t\t\t\t\t<div class=\"elementor-column elementor-col-100 elementor-top-column elementor-element elementor-element-947eaa4\" data-id=\"947eaa4\" data-element_type=\"column\">\n\t\t\t<div class=\"elementor-widget-wrap elementor-element-populated\">\n\t\t\t\t\t\t<div class=\"elementor-element elementor-element-96ca1b2 pagination-cta--align-right elementor-widget elementor-widget-ld-courses\" data-id=\"96ca1b2\" data-element_type=\"widget\" data-widget_type=\"ld-courses.default\">\n\t\t\t\t<div class=\"elementor-widget-container\">\n\t\t\t\t\t<div id=\"learndash-content\" class=\"learndash-course-list learndash-course-list--elementor learndash-course-list--classic noTitle noCourseNavigation learndash-course-list--featured noMeta\">\n\t<form data-current_page_url=\"https:\/\/hardscaper.com\/fr\/all-courses\/\" id=\"bb-courses-directory-form\" class=\"bb-elementor-widget bb-courses-directory\" method=\"get\" action=\"\">\n\n\n\t\t\t\t\t<input type=\"hidden\" name=\"current_page\" value=\"1\">\n\t\t\t<div class=\"flex align-items-center bb-courses-header\">\n\t\t\t\t\t\t\t\t\t\t<div id=\"courses-dir-search\" class=\"bs-dir-search\" role=\"search\">\n\t\t\t\t\t<div id=\"search-members-form\" class=\"bs-search-form\">\n\t\t\t\t\t\t<label for=\"bs_members_search\" class=\"bp-screen-reader-text\">Search<\/label>\n\t\t\t\t\t\t<input type=\"text\" name=\"search\" id=\"bs_members_search\" value=\"\" placeholder=\"Search Cours...\">\n\t\t\t\t\t<\/div>\n\t\t\t\t<\/div>\n\t\t\t\t\t<\/div>\n\t\t\n\t\t<div class=\"ld-secondary-header\">\n\t\t\t<div class=\"bb-secondary-list-tabs flex align-items-center\" id=\"subnav\" aria-label=\"Members directory secondary navigation\" role=\"navigation\">\n\n\t\t\t\t<input type=\"hidden\" id=\"course-order\" name=\"order\" value=\"desc\"\/>\n\t\t\t\t<input type=\"hidden\" id=\"post-per-page\" name=\"posts_per_page\" value=\"8\"\/>\n\t\t\t\t<input type=\"hidden\" id=\"current-page\" name=\"current_page\" value=\"1\"\/>\n\n\t\t\t\t<div class=\"sfwd-courses-filters flex push-right\">\n\t\t\t\t\t<div class=\"select-wrap active\">\n\t\t\t\t\t\t<select id=\"sfwd_prs-order-by\" name=\"orderby\" aria-label=\"Order by\">\n\t\t\t\t\t\t\t<option value='alphabetical'  selected='selected'>Alphab\u00e9tique<\/option><option value='recent' >Newly Created<\/option>\t\t\t\t\t\t<\/select>\n\t\t\t\t\t<\/div>\n\n\t\t\t\t\t\t\t\t\t\t\t\t<input type=\"hidden\" name=\"filter-block-categories\" value=\"132\"\/>\n\t\t\t\t\t\t\t\n\t\t\t\t\t<div class=\"select-wrap hide\">\n\t\t\t\t\t\t<select id=\"sfwd_instructors-order-by\" name=\"filter-instructors\" aria-label=\"Filter by instructor\">\n\t\t\t\t\t\t\t<option value='all'>All Instructors<\/option><option value='9177' >Dali Ben Guiza<\/option><option value='3' >Hardscaper Editorial Team<\/option><option value='15' >Hardscaper Editorial Team<\/option><option value='31047' >Pascal Ramy<\/option>\t\t\t\t\t\t<\/select>\n\t\t\t\t\t<\/div>\n\t\t\t\t<\/div>\n\n\t\t\t\t<div class=\"grid-filters active\" data-view=\"ld-course\">\n\t\t\t\t\t<a href=\"#\" class=\"layout-view layout-view-course layout-grid-view bp-tooltip active\" data-view=\"grid\" data-bp-tooltip-pos=\"up\" data-bp-tooltip=\"Grid View\" aria-label=\"Grid View\">\n\t\t\t\t\t\t<i class=\"dashicons dashicons-screenoptions\" aria-hidden=\"true\"><\/i>\n\t\t\t\t\t<\/a>\n\n\t\t\t\t\t<a href=\"#\" class=\"layout-view layout-view-course layout-list-view bp-tooltip \" data-view=\"list\" data-bp-tooltip-pos=\"up\" data-bp-tooltip=\"List View\" aria-label=\"List View\">\n\t\t\t\t\t\t<i class=\"dashicons dashicons-menu\" aria-hidden=\"true\"><\/i>\n\t\t\t\t\t<\/a>\n\t\t\t\t<\/div>\n\t\t\t<\/div>\n\t\t<\/div>\n\n\t\t<div class=\"grid-view bb-grid grid-box-\">\n\n\t\t\t<div id=\"course-dir-list\" class=\"course-dir-list bs-dir-list columns-3 course-dir-list--media course-dir-list--status\">\n\t\t\t\t\t\t\t\t\t<ul class=\"bb-card-list bb-course-items list-view bb-list hide \" aria-live=\"assertive\" aria-relevant=\"all\">\n\t\t\t\t\t\t\n<li class=\"bb-course-item-wrap\">\n\n\t<div class=\"bb-cover-list-item \">\n\t\t<div class=\"bb-course-cover\">\n\t\t\t<a title=\"Mur de sout\u00e8nement segmentaire\" href=\"https:\/\/hardscaper.com\/fr\/cours\/mur-de-soutenement-segmentaire\/\" class=\"bb-cover-wrap\">\n\t\t\t\t<div class=\"ld-status ld-status-incomplete ld-third-background\">Gratuit<\/div>\n\t\t\t\t<img decoding=\"async\" width=\"300\" height=\"157\" src=\"https:\/\/hardscaper.com\/wp-content\/uploads\/2021\/02\/TB2021_Hardscapers-featured-banner-course-3-segmental-retaining-wall-300x157.jpg\" class=\"attachment-medium size-medium wp-post-image\" alt=\"\" srcset=\"https:\/\/hardscaper.com\/wp-content\/uploads\/2021\/02\/TB2021_Hardscapers-featured-banner-course-3-segmental-retaining-wall-300x157.jpg 300w, https:\/\/hardscaper.com\/wp-content\/uploads\/2021\/02\/TB2021_Hardscapers-featured-banner-course-3-segmental-retaining-wall-1024x536.jpg 1024w, https:\/\/hardscaper.com\/wp-content\/uploads\/2021\/02\/TB2021_Hardscapers-featured-banner-course-3-segmental-retaining-wall-768x402.jpg 768w, https:\/\/hardscaper.com\/wp-content\/uploads\/2021\/02\/TB2021_Hardscapers-featured-banner-course-3-segmental-retaining-wall-400x209.jpg 400w, https:\/\/hardscaper.com\/wp-content\/uploads\/2021\/02\/TB2021_Hardscapers-featured-banner-course-3-segmental-retaining-wall-624x327.jpg 624w, https:\/\/hardscaper.com\/wp-content\/uploads\/2021\/02\/TB2021_Hardscapers-featured-banner-course-3-segmental-retaining-wall-50x26.jpg 50w, https:\/\/hardscaper.com\/wp-content\/uploads\/2021\/02\/TB2021_Hardscapers-featured-banner-course-3-segmental-retaining-wall-100x52.jpg 100w, https:\/\/hardscaper.com\/wp-content\/uploads\/2021\/02\/TB2021_Hardscapers-featured-banner-course-3-segmental-retaining-wall.jpg 1200w\" sizes=\"(max-width: 300px) 100vw, 300px\" \/>\t\t\t<\/a>\n\t\t<\/div>\n\n\t\t<div class=\"bb-card-course-details bb-card-course-details--noAccess\">\n\t\t\t<div class=\"course-lesson-count\">14 Le\u00e7ons<\/div>\t\t\t<h2 class=\"bb-course-title \">\n\t\t\t\t<a title=\"Mur de sout\u00e8nement segmentaire\" href=\"https:\/\/hardscaper.com\/fr\/cours\/mur-de-soutenement-segmentaire\/\">Mur de sout\u00e8nement segmentaire<\/a>\n\t\t\t<\/h2>\n\n\t\t\t\n\t\t\t\n\t\t\t<div class=\"bb-course-excerpt\">\n\t\t\t\t\t\t\t<\/div>\n\n\t\t\t\t\t<\/div>\n\t<\/div>\n<\/li>\n\n<li class=\"bb-course-item-wrap\">\n\n\t<div class=\"bb-cover-list-item \">\n\t\t<div class=\"bb-course-cover\">\n\t\t\t<a title=\"Pavage en b\u00e9ton autobloquant\" href=\"https:\/\/hardscaper.com\/fr\/cours\/interlocking-concrete-pavement-icp\/\" class=\"bb-cover-wrap\">\n\t\t\t\t<div class=\"ld-status ld-status-incomplete ld-third-background\">Gratuit<\/div>\n\t\t\t\t<img decoding=\"async\" width=\"300\" height=\"157\" src=\"https:\/\/hardscaper.com\/wp-content\/uploads\/2021\/02\/TB2021_Hardscapers-banner-course-2-interlocking-concrete-1-300x157.jpg\" class=\"attachment-medium size-medium wp-post-image\" alt=\"\" srcset=\"https:\/\/hardscaper.com\/wp-content\/uploads\/2021\/02\/TB2021_Hardscapers-banner-course-2-interlocking-concrete-1-300x157.jpg 300w, https:\/\/hardscaper.com\/wp-content\/uploads\/2021\/02\/TB2021_Hardscapers-banner-course-2-interlocking-concrete-1-1024x536.jpg 1024w, https:\/\/hardscaper.com\/wp-content\/uploads\/2021\/02\/TB2021_Hardscapers-banner-course-2-interlocking-concrete-1-150x79.jpg 150w, https:\/\/hardscaper.com\/wp-content\/uploads\/2021\/02\/TB2021_Hardscapers-banner-course-2-interlocking-concrete-1-768x402.jpg 768w, https:\/\/hardscaper.com\/wp-content\/uploads\/2021\/02\/TB2021_Hardscapers-banner-course-2-interlocking-concrete-1-400x209.jpg 400w, https:\/\/hardscaper.com\/wp-content\/uploads\/2021\/02\/TB2021_Hardscapers-banner-course-2-interlocking-concrete-1-624x327.jpg 624w, https:\/\/hardscaper.com\/wp-content\/uploads\/2021\/02\/TB2021_Hardscapers-banner-course-2-interlocking-concrete-1-50x26.jpg 50w, https:\/\/hardscaper.com\/wp-content\/uploads\/2021\/02\/TB2021_Hardscapers-banner-course-2-interlocking-concrete-1-100x52.jpg 100w, https:\/\/hardscaper.com\/wp-content\/uploads\/2021\/02\/TB2021_Hardscapers-banner-course-2-interlocking-concrete-1.jpg 1200w\" sizes=\"(max-width: 300px) 100vw, 300px\" \/>\t\t\t<\/a>\n\t\t<\/div>\n\n\t\t<div class=\"bb-card-course-details bb-card-course-details--noAccess\">\n\t\t\t<div class=\"course-lesson-count\">14 Le\u00e7ons<\/div>\t\t\t<h2 class=\"bb-course-title \">\n\t\t\t\t<a title=\"Pavage en b\u00e9ton autobloquant\" href=\"https:\/\/hardscaper.com\/fr\/cours\/interlocking-concrete-pavement-icp\/\">Pavage en b\u00e9ton autobloquant<\/a>\n\t\t\t<\/h2>\n\n\t\t\t\n\t\t\t\n\t\t\t<div class=\"bb-course-excerpt\">\n\t\t\t\tCe cours comprend 14 le\u00e7ons \u2014 chaque le\u00e7on contient une pr\u00e9sentation vid\u00e9o ainsi qu\u2019un quiz portant sur les informations pr\u00e9sent\u00e9es dans les vid\u00e9os. La r\u00e9ussite&hellip;\t\t\t<\/div>\n\n\t\t\t\t\t<\/div>\n\t<\/div>\n<\/li>\n\n<li class=\"bb-course-item-wrap\">\n\n\t<div class=\"bb-cover-list-item \">\n\t\t<div class=\"bb-course-cover\">\n\t\t\t<a title=\"Pav\u00e9s perm\u00e9ables segmentaires\" href=\"https:\/\/hardscaper.com\/fr\/cours\/paves-permeables-segmentaires\/\" class=\"bb-cover-wrap\">\n\t\t\t\t<div class=\"ld-status ld-status-incomplete ld-third-background\">Gratuit<\/div>\n\t\t\t\t<img fetchpriority=\"high\" decoding=\"async\" width=\"300\" height=\"200\" src=\"https:\/\/hardscaper.com\/wp-content\/uploads\/2026\/01\/Residential_Permeable_Image-PLAT-300x200.jpg\" class=\"attachment-medium size-medium wp-post-image\" alt=\"\" srcset=\"https:\/\/hardscaper.com\/wp-content\/uploads\/2026\/01\/Residential_Permeable_Image-PLAT-300x200.jpg 300w, https:\/\/hardscaper.com\/wp-content\/uploads\/2026\/01\/Residential_Permeable_Image-PLAT-150x100.jpg 150w, https:\/\/hardscaper.com\/wp-content\/uploads\/2026\/01\/Residential_Permeable_Image-PLAT-768x512.jpg 768w, https:\/\/hardscaper.com\/wp-content\/uploads\/2026\/01\/Residential_Permeable_Image-PLAT-624x416.jpg 624w, https:\/\/hardscaper.com\/wp-content\/uploads\/2026\/01\/Residential_Permeable_Image-PLAT.jpg 800w\" sizes=\"(max-width: 300px) 100vw, 300px\" \/>\t\t\t<\/a>\n\t\t<\/div>\n\n\t\t<div class=\"bb-card-course-details bb-card-course-details--noAccess\">\n\t\t\t<div class=\"course-lesson-count\">8 Le\u00e7ons<\/div>\t\t\t<h2 class=\"bb-course-title \">\n\t\t\t\t<a title=\"Pav\u00e9s perm\u00e9ables segmentaires\" href=\"https:\/\/hardscaper.com\/fr\/cours\/paves-permeables-segmentaires\/\">Pav\u00e9s perm\u00e9ables segmentaires<\/a>\n\t\t\t<\/h2>\n\n\t\t\t\n\t\t\t\n\t\t\t<div class=\"bb-course-excerpt\">\n\t\t\t\tCette formation en 8 modules fournit un guide complet et op\u00e9rationnel pour concevoir, construire et entretenir des syst\u00e8mes de pav\u00e9s perm\u00e9ables segmentaires. D\u00e9velopp\u00e9e pour les&hellip;\t\t\t<\/div>\n\n\t\t\t\t\t<\/div>\n\t<\/div>\n<\/li>\n\t\t\t\t\t<\/ul>\n\n\t\t\t\t\t<ul class=\"bb-card-list bb-course-items grid-view bb-grid  \" aria-live=\"assertive\" aria-relevant=\"all\">\n\t\t\t\t\t\t\n<li class=\"bb-course-item-wrap\">\n\n\t<div class=\"bb-cover-list-item \">\n\t\t<div class=\"bb-course-cover\">\n\t\t\t<a title=\"Mur de sout\u00e8nement segmentaire\" href=\"https:\/\/hardscaper.com\/fr\/cours\/mur-de-soutenement-segmentaire\/\" class=\"bb-cover-wrap\">\n\t\t\t\t<div class=\"ld-status ld-status-incomplete ld-third-background\">Gratuit<\/div>\n\t\t\t\t<img decoding=\"async\" width=\"300\" height=\"157\" src=\"https:\/\/hardscaper.com\/wp-content\/uploads\/2021\/02\/TB2021_Hardscapers-featured-banner-course-3-segmental-retaining-wall-300x157.jpg\" class=\"attachment-medium size-medium wp-post-image\" alt=\"\" srcset=\"https:\/\/hardscaper.com\/wp-content\/uploads\/2021\/02\/TB2021_Hardscapers-featured-banner-course-3-segmental-retaining-wall-300x157.jpg 300w, https:\/\/hardscaper.com\/wp-content\/uploads\/2021\/02\/TB2021_Hardscapers-featured-banner-course-3-segmental-retaining-wall-1024x536.jpg 1024w, https:\/\/hardscaper.com\/wp-content\/uploads\/2021\/02\/TB2021_Hardscapers-featured-banner-course-3-segmental-retaining-wall-768x402.jpg 768w, https:\/\/hardscaper.com\/wp-content\/uploads\/2021\/02\/TB2021_Hardscapers-featured-banner-course-3-segmental-retaining-wall-400x209.jpg 400w, https:\/\/hardscaper.com\/wp-content\/uploads\/2021\/02\/TB2021_Hardscapers-featured-banner-course-3-segmental-retaining-wall-624x327.jpg 624w, https:\/\/hardscaper.com\/wp-content\/uploads\/2021\/02\/TB2021_Hardscapers-featured-banner-course-3-segmental-retaining-wall-50x26.jpg 50w, https:\/\/hardscaper.com\/wp-content\/uploads\/2021\/02\/TB2021_Hardscapers-featured-banner-course-3-segmental-retaining-wall-100x52.jpg 100w, https:\/\/hardscaper.com\/wp-content\/uploads\/2021\/02\/TB2021_Hardscapers-featured-banner-course-3-segmental-retaining-wall.jpg 1200w\" sizes=\"(max-width: 300px) 100vw, 300px\" \/>\t\t\t<\/a>\n\t\t<\/div>\n\n\t\t<div class=\"bb-card-course-details bb-card-course-details--noAccess\">\n\t\t\t<div class=\"course-lesson-count\">14 Le\u00e7ons<\/div>\t\t\t<h2 class=\"bb-course-title \">\n\t\t\t\t<a title=\"Mur de sout\u00e8nement segmentaire\" href=\"https:\/\/hardscaper.com\/fr\/cours\/mur-de-soutenement-segmentaire\/\">Mur de sout\u00e8nement segmentaire<\/a>\n\t\t\t<\/h2>\n\n\t\t\t\n\t\t\t\n\t\t\t<div class=\"bb-course-excerpt\">\n\t\t\t\t\t\t\t<\/div>\n\n\t\t\t\t\t<\/div>\n\t<\/div>\n<\/li>\n\n<li class=\"bb-course-item-wrap\">\n\n\t<div class=\"bb-cover-list-item \">\n\t\t<div class=\"bb-course-cover\">\n\t\t\t<a title=\"Pavage en b\u00e9ton autobloquant\" href=\"https:\/\/hardscaper.com\/fr\/cours\/interlocking-concrete-pavement-icp\/\" class=\"bb-cover-wrap\">\n\t\t\t\t<div class=\"ld-status ld-status-incomplete ld-third-background\">Gratuit<\/div>\n\t\t\t\t<img decoding=\"async\" width=\"300\" height=\"157\" src=\"https:\/\/hardscaper.com\/wp-content\/uploads\/2021\/02\/TB2021_Hardscapers-banner-course-2-interlocking-concrete-1-300x157.jpg\" class=\"attachment-medium size-medium wp-post-image\" alt=\"\" srcset=\"https:\/\/hardscaper.com\/wp-content\/uploads\/2021\/02\/TB2021_Hardscapers-banner-course-2-interlocking-concrete-1-300x157.jpg 300w, https:\/\/hardscaper.com\/wp-content\/uploads\/2021\/02\/TB2021_Hardscapers-banner-course-2-interlocking-concrete-1-1024x536.jpg 1024w, https:\/\/hardscaper.com\/wp-content\/uploads\/2021\/02\/TB2021_Hardscapers-banner-course-2-interlocking-concrete-1-150x79.jpg 150w, https:\/\/hardscaper.com\/wp-content\/uploads\/2021\/02\/TB2021_Hardscapers-banner-course-2-interlocking-concrete-1-768x402.jpg 768w, https:\/\/hardscaper.com\/wp-content\/uploads\/2021\/02\/TB2021_Hardscapers-banner-course-2-interlocking-concrete-1-400x209.jpg 400w, https:\/\/hardscaper.com\/wp-content\/uploads\/2021\/02\/TB2021_Hardscapers-banner-course-2-interlocking-concrete-1-624x327.jpg 624w, https:\/\/hardscaper.com\/wp-content\/uploads\/2021\/02\/TB2021_Hardscapers-banner-course-2-interlocking-concrete-1-50x26.jpg 50w, https:\/\/hardscaper.com\/wp-content\/uploads\/2021\/02\/TB2021_Hardscapers-banner-course-2-interlocking-concrete-1-100x52.jpg 100w, https:\/\/hardscaper.com\/wp-content\/uploads\/2021\/02\/TB2021_Hardscapers-banner-course-2-interlocking-concrete-1.jpg 1200w\" sizes=\"(max-width: 300px) 100vw, 300px\" \/>\t\t\t<\/a>\n\t\t<\/div>\n\n\t\t<div class=\"bb-card-course-details bb-card-course-details--noAccess\">\n\t\t\t<div class=\"course-lesson-count\">14 Le\u00e7ons<\/div>\t\t\t<h2 class=\"bb-course-title \">\n\t\t\t\t<a title=\"Pavage en b\u00e9ton autobloquant\" href=\"https:\/\/hardscaper.com\/fr\/cours\/interlocking-concrete-pavement-icp\/\">Pavage en b\u00e9ton autobloquant<\/a>\n\t\t\t<\/h2>\n\n\t\t\t\n\t\t\t\n\t\t\t<div class=\"bb-course-excerpt\">\n\t\t\t\tCe cours comprend 14 le\u00e7ons \u2014 chaque le\u00e7on contient une pr\u00e9sentation vid\u00e9o ainsi qu\u2019un quiz portant sur les informations pr\u00e9sent\u00e9es dans les vid\u00e9os. La r\u00e9ussite&hellip;\t\t\t<\/div>\n\n\t\t\t\t\t<\/div>\n\t<\/div>\n<\/li>\n\n<li class=\"bb-course-item-wrap\">\n\n\t<div class=\"bb-cover-list-item \">\n\t\t<div class=\"bb-course-cover\">\n\t\t\t<a title=\"Pav\u00e9s perm\u00e9ables segmentaires\" href=\"https:\/\/hardscaper.com\/fr\/cours\/paves-permeables-segmentaires\/\" class=\"bb-cover-wrap\">\n\t\t\t\t<div class=\"ld-status ld-status-incomplete ld-third-background\">Gratuit<\/div>\n\t\t\t\t<img fetchpriority=\"high\" decoding=\"async\" width=\"300\" height=\"200\" src=\"https:\/\/hardscaper.com\/wp-content\/uploads\/2026\/01\/Residential_Permeable_Image-PLAT-300x200.jpg\" class=\"attachment-medium size-medium wp-post-image\" alt=\"\" srcset=\"https:\/\/hardscaper.com\/wp-content\/uploads\/2026\/01\/Residential_Permeable_Image-PLAT-300x200.jpg 300w, https:\/\/hardscaper.com\/wp-content\/uploads\/2026\/01\/Residential_Permeable_Image-PLAT-150x100.jpg 150w, https:\/\/hardscaper.com\/wp-content\/uploads\/2026\/01\/Residential_Permeable_Image-PLAT-768x512.jpg 768w, https:\/\/hardscaper.com\/wp-content\/uploads\/2026\/01\/Residential_Permeable_Image-PLAT-624x416.jpg 624w, https:\/\/hardscaper.com\/wp-content\/uploads\/2026\/01\/Residential_Permeable_Image-PLAT.jpg 800w\" sizes=\"(max-width: 300px) 100vw, 300px\" \/>\t\t\t<\/a>\n\t\t<\/div>\n\n\t\t<div class=\"bb-card-course-details bb-card-course-details--noAccess\">\n\t\t\t<div class=\"course-lesson-count\">8 Le\u00e7ons<\/div>\t\t\t<h2 class=\"bb-course-title \">\n\t\t\t\t<a title=\"Pav\u00e9s perm\u00e9ables segmentaires\" href=\"https:\/\/hardscaper.com\/fr\/cours\/paves-permeables-segmentaires\/\">Pav\u00e9s perm\u00e9ables segmentaires<\/a>\n\t\t\t<\/h2>\n\n\t\t\t\n\t\t\t\n\t\t\t<div class=\"bb-course-excerpt\">\n\t\t\t\tCette formation en 8 modules fournit un guide complet et op\u00e9rationnel pour concevoir, construire et entretenir des syst\u00e8mes de pav\u00e9s perm\u00e9ables segmentaires. D\u00e9velopp\u00e9e pour les&hellip;\t\t\t<\/div>\n\n\t\t\t\t\t<\/div>\n\t<\/div>\n<\/li>\n\t\t\t\t\t<\/ul>\n\t\t\t\t\t\t\t\t\t\t\t<div class=\"bb-lms-pagination all\">\n\t\t\t\t\t\t\t\t\t\t\t\t\t<\/div>\n\t\t\t\t\t\t\t\t\t\t\t\t\t<\/div>\n\t\t<\/div>\n\t<\/form>\n<\/div>\n\t\t\t\t<\/div>\n\t\t\t\t<\/div>\n\t\t\t\t\t<\/div>\n\t\t<\/div>\n\t\t\t\t\t<\/div>\n\t\t<\/section>\n\t\t\t\t<\/div>\n\t\t","protected":false},"excerpt":{"rendered":"<p>COURS Search AlphabeticalNewly CreatedMy Progress All InstructorsDali Ben GuizaHardscaper Editorial TeamHardscaper Editorial TeamPascal Ramy Sorry, no courses were found.<\/p>\n","protected":false},"author":3,"featured_media":0,"parent":0,"menu_order":0,"comment_status":"closed","ping_status":"closed","template":"elementor_header_footer","meta":{"inline_featured_image":false,"footnotes":""},"class_list":["post-1735","page","type-page","status-publish","hentry"],"yoast_head":"<!-- This site is optimized with the Yoast SEO plugin v27.2 - https:\/\/yoast.com\/product\/yoast-seo-wordpress\/ -->\n<title>All courses - Hardscaper.com<\/title>\n<meta name=\"robots\" content=\"index, follow, max-snippet:-1, max-image-preview:large, max-video-preview:-1\" \/>\n<link rel=\"canonical\" href=\"https:\/\/hardscaper.com\/all-courses\/\" \/>\n<meta property=\"og:locale\" content=\"fr_FR\" \/>\n<meta property=\"og:type\" content=\"article\" \/>\n<meta property=\"og:title\" content=\"All courses - Hardscaper.com\" \/>\n<meta property=\"og:description\" content=\"COURS Search AlphabeticalNewly CreatedMy Progress All InstructorsDali Ben GuizaHardscaper Editorial TeamHardscaper Editorial TeamPascal Ramy Sorry, no courses were found.\" \/>\n<meta property=\"og:url\" content=\"https:\/\/hardscaper.com\/all-courses\/\" \/>\n<meta property=\"og:site_name\" content=\"Hardscaper.com\" \/>\n<meta property=\"article:modified_time\" content=\"2026-04-08T16:03:15+00:00\" \/>\n<meta name=\"twitter:card\" content=\"summary_large_image\" \/>\n<meta name=\"twitter:label1\" content=\"Dur\u00e9e de lecture estim\u00e9e\" \/>\n\t<meta name=\"twitter:data1\" content=\"3 minutes\" \/>\n<script type=\"application\/ld+json\" class=\"yoast-schema-graph\">{\"@context\":\"https:\/\/schema.org\",\"@graph\":[{\"@type\":\"WebPage\",\"@id\":\"https:\/\/hardscaper.com\/all-courses\/\",\"url\":\"https:\/\/hardscaper.com\/all-courses\/\",\"name\":\"All courses - Hardscaper.com\",\"isPartOf\":{\"@id\":\"https:\/\/hardscaper.com\/fr\/#website\"},\"datePublished\":\"2021-01-28T14:30:38+00:00\",\"dateModified\":\"2026-04-08T16:03:15+00:00\",\"breadcrumb\":{\"@id\":\"https:\/\/hardscaper.com\/all-courses\/#breadcrumb\"},\"inLanguage\":\"fr-FR\",\"potentialAction\":[{\"@type\":\"ReadAction\",\"target\":[\"https:\/\/hardscaper.com\/all-courses\/\"]}]},{\"@type\":\"BreadcrumbList\",\"@id\":\"https:\/\/hardscaper.com\/all-courses\/#breadcrumb\",\"itemListElement\":[{\"@type\":\"ListItem\",\"position\":1,\"name\":\"Home\",\"item\":\"https:\/\/hardscaper.com\/fr\/\"},{\"@type\":\"ListItem\",\"position\":2,\"name\":\"All courses\"}]},{\"@type\":\"WebSite\",\"@id\":\"https:\/\/hardscaper.com\/fr\/#website\",\"url\":\"https:\/\/hardscaper.com\/fr\/\",\"name\":\"Hardscaper.com\",\"description\":\"LEARN FROM THE INDUSTRY LEADERS\",\"publisher\":{\"@id\":\"https:\/\/hardscaper.com\/fr\/#organization\"},\"potentialAction\":[{\"@type\":\"SearchAction\",\"target\":{\"@type\":\"EntryPoint\",\"urlTemplate\":\"https:\/\/hardscaper.com\/fr\/?s={search_term_string}\"},\"query-input\":{\"@type\":\"PropertyValueSpecification\",\"valueRequired\":true,\"valueName\":\"search_term_string\"}}],\"inLanguage\":\"fr-FR\"},{\"@type\":\"Organization\",\"@id\":\"https:\/\/hardscaper.com\/fr\/#organization\",\"name\":\"Hardscaper.com\",\"url\":\"https:\/\/hardscaper.com\/fr\/\",\"logo\":{\"@type\":\"ImageObject\",\"inLanguage\":\"fr-FR\",\"@id\":\"https:\/\/hardscaper.com\/fr\/#\/schema\/logo\/image\/\",\"url\":\"https:\/\/hardscaper.com\/wp-content\/uploads\/2021\/02\/logo-1-1.png\",\"contentUrl\":\"https:\/\/hardscaper.com\/wp-content\/uploads\/2021\/02\/logo-1-1.png\",\"width\":200,\"height\":66,\"caption\":\"Hardscaper.com\"},\"image\":{\"@id\":\"https:\/\/hardscaper.com\/fr\/#\/schema\/logo\/image\/\"}}]}<\/script>\n<!-- \/ Yoast SEO plugin. -->","yoast_head_json":{"title":"All courses - Hardscaper.com","robots":{"index":"index","follow":"follow","max-snippet":"max-snippet:-1","max-image-preview":"max-image-preview:large","max-video-preview":"max-video-preview:-1"},"canonical":"https:\/\/hardscaper.com\/all-courses\/","og_locale":"fr_FR","og_type":"article","og_title":"All courses - Hardscaper.com","og_description":"COURS Search AlphabeticalNewly CreatedMy Progress All InstructorsDali Ben GuizaHardscaper Editorial TeamHardscaper Editorial TeamPascal Ramy Sorry, no courses were found.","og_url":"https:\/\/hardscaper.com\/all-courses\/","og_site_name":"Hardscaper.com","article_modified_time":"2026-04-08T16:03:15+00:00","twitter_card":"summary_large_image","twitter_misc":{"Dur\u00e9e de lecture estim\u00e9e":"3 minutes"},"schema":{"@context":"https:\/\/schema.org","@graph":[{"@type":"WebPage","@id":"https:\/\/hardscaper.com\/all-courses\/","url":"https:\/\/hardscaper.com\/all-courses\/","name":"All courses - Hardscaper.com","isPartOf":{"@id":"https:\/\/hardscaper.com\/fr\/#website"},"datePublished":"2021-01-28T14:30:38+00:00","dateModified":"2026-04-08T16:03:15+00:00","breadcrumb":{"@id":"https:\/\/hardscaper.com\/all-courses\/#breadcrumb"},"inLanguage":"fr-FR","potentialAction":[{"@type":"ReadAction","target":["https:\/\/hardscaper.com\/all-courses\/"]}]},{"@type":"BreadcrumbList","@id":"https:\/\/hardscaper.com\/all-courses\/#breadcrumb","itemListElement":[{"@type":"ListItem","position":1,"name":"Home","item":"https:\/\/hardscaper.com\/fr\/"},{"@type":"ListItem","position":2,"name":"All courses"}]},{"@type":"WebSite","@id":"https:\/\/hardscaper.com\/fr\/#website","url":"https:\/\/hardscaper.com\/fr\/","name":"Hardscaper.com","description":"LEARN FROM THE INDUSTRY LEADERS","publisher":{"@id":"https:\/\/hardscaper.com\/fr\/#organization"},"potentialAction":[{"@type":"SearchAction","target":{"@type":"EntryPoint","urlTemplate":"https:\/\/hardscaper.com\/fr\/?s={search_term_string}"},"query-input":{"@type":"PropertyValueSpecification","valueRequired":true,"valueName":"search_term_string"}}],"inLanguage":"fr-FR"},{"@type":"Organization","@id":"https:\/\/hardscaper.com\/fr\/#organization","name":"Hardscaper.com","url":"https:\/\/hardscaper.com\/fr\/","logo":{"@type":"ImageObject","inLanguage":"fr-FR","@id":"https:\/\/hardscaper.com\/fr\/#\/schema\/logo\/image\/","url":"https:\/\/hardscaper.com\/wp-content\/uploads\/2021\/02\/logo-1-1.png","contentUrl":"https:\/\/hardscaper.com\/wp-content\/uploads\/2021\/02\/logo-1-1.png","width":200,"height":66,"caption":"Hardscaper.com"},"image":{"@id":"https:\/\/hardscaper.com\/fr\/#\/schema\/logo\/image\/"}}]}},"_links":{"self":[{"href":"https:\/\/hardscaper.com\/fr\/wp-json\/wp\/v2\/pages\/1735","targetHints":{"allow":["GET"]}}],"collection":[{"href":"https:\/\/hardscaper.com\/fr\/wp-json\/wp\/v2\/pages"}],"about":[{"href":"https:\/\/hardscaper.com\/fr\/wp-json\/wp\/v2\/types\/page"}],"author":[{"embeddable":true,"href":"https:\/\/hardscaper.com\/fr\/wp-json\/wp\/v2\/users\/3"}],"replies":[{"embeddable":true,"href":"https:\/\/hardscaper.com\/fr\/wp-json\/wp\/v2\/comments?post=1735"}],"version-history":[{"count":0,"href":"https:\/\/hardscaper.com\/fr\/wp-json\/wp\/v2\/pages\/1735\/revisions"}],"wp:attachment":[{"href":"https:\/\/hardscaper.com\/fr\/wp-json\/wp\/v2\/media?parent=1735"}],"curies":[{"name":"wp","href":"https:\/\/api.w.org\/{rel}","templated":true}]}}