{"id":2076,"date":"2023-03-06T11:56:30","date_gmt":"2023-03-06T16:56:30","guid":{"rendered":"https:\/\/hardscaper.com\/?page_id=2076"},"modified":"2023-03-07T11:42:41","modified_gmt":"2023-03-07T16:42:41","slug":"elementor-2076","status":"publish","type":"page","link":"https:\/\/hardscaper.com\/es\/","title":{"rendered":"Hardscaper &#8211; P\u00e1gina de inicio"},"content":{"rendered":"\t\t<div data-elementor-type=\"wp-page\" data-elementor-id=\"2076\" class=\"elementor elementor-2076 elementor-1158\" data-elementor-post-type=\"page\">\n\t\t\t\t\t\t<section class=\"elementor-section elementor-top-section elementor-element elementor-element-27daecb elementor-section-full_width elementor-hidden-mobile elementor-section-height-default elementor-section-height-default magic-button-disabled-no\" data-id=\"27daecb\" data-element_type=\"section\">\n\t\t\t\t\t\t<div class=\"elementor-container elementor-column-gap-no\">\n\t\t\t\t\t<div class=\"elementor-column elementor-col-100 elementor-top-column elementor-element elementor-element-636c114\" data-id=\"636c114\" data-element_type=\"column\">\n\t\t\t<div class=\"elementor-widget-wrap elementor-element-populated\">\n\t\t\t\t\t\t<div class=\"elementor-element elementor-element-1c542eb elementor-hidden-mobile elementor-widget elementor-widget-shortcode\" data-id=\"1c542eb\" data-element_type=\"widget\" data-widget_type=\"shortcode.default\">\n\t\t\t\t<div class=\"elementor-widget-container\">\n\t\t\t\t\t\t\t<div class=\"elementor-shortcode\"><\/div>\n\t\t\t\t\t\t<\/div>\n\t\t\t\t<\/div>\n\t\t\t\t\t<\/div>\n\t\t<\/div>\n\t\t\t\t\t<\/div>\n\t\t<\/section>\n\t\t\t\t<section class=\"elementor-section elementor-top-section elementor-element elementor-element-231c7ae elementor-section-boxed elementor-section-height-default elementor-section-height-default magic-button-disabled-no\" data-id=\"231c7ae\" data-element_type=\"section\">\n\t\t\t\t\t\t<div class=\"elementor-container elementor-column-gap-default\">\n\t\t\t\t\t<div class=\"elementor-column elementor-col-100 elementor-top-column elementor-element elementor-element-b2a01de\" data-id=\"b2a01de\" data-element_type=\"column\">\n\t\t\t<div class=\"elementor-widget-wrap elementor-element-populated\">\n\t\t\t\t\t\t<div class=\"elementor-element elementor-element-5254df2 elementor-widget elementor-widget-spacer\" data-id=\"5254df2\" data-element_type=\"widget\" data-widget_type=\"spacer.default\">\n\t\t\t\t<div class=\"elementor-widget-container\">\n\t\t\t\t\t\t\t<div class=\"elementor-spacer\">\n\t\t\t<div class=\"elementor-spacer-inner\"><\/div>\n\t\t<\/div>\n\t\t\t\t\t\t<\/div>\n\t\t\t\t<\/div>\n\t\t\t\t<div class=\"elementor-element elementor-element-7e748aa elementor-widget elementor-widget-heading\" data-id=\"7e748aa\" data-element_type=\"widget\" data-widget_type=\"heading.default\">\n\t\t\t\t<div class=\"elementor-widget-container\">\n\t\t\t\t\t<h3 class=\"elementor-heading-title elementor-size-default\">CURSOS<\/h3>\t\t\t\t<\/div>\n\t\t\t\t<\/div>\n\t\t\t\t<div class=\"elementor-element elementor-element-3596962 elementor-widget elementor-widget-text-editor\" data-id=\"3596962\" data-element_type=\"widget\" data-widget_type=\"text-editor.default\">\n\t\t\t\t<div class=\"elementor-widget-container\">\n\t\t\t\t\t<div class=\"bb-theme-elementor-wrap bb-elementor-custom-size\">\t\t\t\t<p>Ya sea que est\u00e9 buscando adquirir nuevas habilidades de construcci\u00f3n o aprender a comercializar su negocio, tenemos un curso para usted.<br \/>\u00a1Algunos de los cuales incluso contribuyen a sus certificaciones comerciales!<\/p>\t\t\t\t<\/div>\t\t\t\t<\/div>\n\t\t\t\t<\/div>\n\t\t\t\t\t<\/div>\n\t\t<\/div>\n\t\t\t\t\t<\/div>\n\t\t<\/section>\n\t\t\t\t<section class=\"elementor-section elementor-top-section elementor-element elementor-element-b9244f5 elementor-section-boxed elementor-section-height-default elementor-section-height-default magic-button-disabled-no\" data-id=\"b9244f5\" data-element_type=\"section\">\n\t\t\t\t\t\t<div class=\"elementor-container elementor-column-gap-default\">\n\t\t\t\t\t<div class=\"elementor-column elementor-col-100 elementor-top-column elementor-element elementor-element-7323e7a\" data-id=\"7323e7a\" data-element_type=\"column\">\n\t\t\t<div class=\"elementor-widget-wrap elementor-element-populated\">\n\t\t\t\t\t\t<div class=\"elementor-element elementor-element-5801eb2 elementor-widget elementor-widget-ld-courses\" data-id=\"5801eb2\" data-element_type=\"widget\" data-widget_type=\"ld-courses.default\">\n\t\t\t\t<div class=\"elementor-widget-container\">\n\t\t\t\t\t<div id=\"learndash-content\" class=\"learndash-course-list learndash-course-list--elementor learndash-course-list--classic learndash-course-list--featured\">\n\t<form data-current_page_url=\"https:\/\/hardscaper.com\/es\/\" id=\"bb-courses-directory-form\" class=\"bb-elementor-widget bb-courses-directory\" method=\"get\" action=\"\">\n\n\n\t\t\t\t\t<input type=\"hidden\" name=\"current_page\" value=\"1\">\n\t\t\t<div class=\"flex align-items-center bb-courses-header\">\n\t\t\t\t\t\t\t\t<\/div>\n\t\t\n\t\t<div class=\"ld-secondary-header\">\n\t\t\t<div class=\"bb-secondary-list-tabs flex align-items-center\" id=\"subnav\" aria-label=\"Members directory secondary navigation\" role=\"navigation\">\n\n\t\t\t\t<input type=\"hidden\" id=\"course-order\" name=\"order\" value=\"desc\"\/>\n\t\t\t\t<input type=\"hidden\" id=\"post-per-page\" name=\"posts_per_page\" value=\"3\"\/>\n\t\t\t\t<input type=\"hidden\" id=\"current-page\" name=\"current_page\" value=\"1\"\/>\n\n\t\t\t\t<div class=\"sfwd-courses-filters flex push-right\">\n\t\t\t\t\t<div class=\"select-wrap hide\">\n\t\t\t\t\t\t<select id=\"sfwd_prs-order-by\" name=\"orderby\" aria-label=\"Order by\">\n\t\t\t\t\t\t\t<option value='alphabetical'  selected='selected'>Alphabetical<\/option><option value='recent' >Newly Created<\/option>\t\t\t\t\t\t<\/select>\n\t\t\t\t\t<\/div>\n\n\t\t\t\t\t\t\t\t\t\t\t\t<div class=\"select-wrap hide\">\n\t\t\t\t\t\t\t\t\t\t\t\t\t\t\t<\/div>\n\t\t\t\t\t\t\t\n\t\t\t\t\t<div class=\"select-wrap hide\">\n\t\t\t\t\t\t<select id=\"sfwd_instructors-order-by\" name=\"filter-instructors\" aria-label=\"Filter by instructor\">\n\t\t\t\t\t\t\t<option value='all'>All Instructors<\/option><option value='9177' >Dali Ben Guiza<\/option><option value='3' >Hardscaper Editorial Team<\/option><option value='15' >Hardscaper Editorial Team<\/option><option value='31047' >Pascal Ramy<\/option>\t\t\t\t\t\t<\/select>\n\t\t\t\t\t<\/div>\n\t\t\t\t<\/div>\n\n\t\t\t\t<div class=\"grid-filters hide\" data-view=\"ld-course\">\n\t\t\t\t\t<a href=\"#\" class=\"layout-view layout-view-course layout-grid-view bp-tooltip active\" data-view=\"grid\" data-bp-tooltip-pos=\"up\" data-bp-tooltip=\"Grid View\" aria-label=\"Grid View\">\n\t\t\t\t\t\t<i class=\"dashicons dashicons-screenoptions\" aria-hidden=\"true\"><\/i>\n\t\t\t\t\t<\/a>\n\n\t\t\t\t\t<a href=\"#\" class=\"layout-view layout-view-course layout-list-view bp-tooltip \" data-view=\"list\" data-bp-tooltip-pos=\"up\" data-bp-tooltip=\"List View\" aria-label=\"List View\">\n\t\t\t\t\t\t<i class=\"dashicons dashicons-menu\" aria-hidden=\"true\"><\/i>\n\t\t\t\t\t<\/a>\n\t\t\t\t<\/div>\n\t\t\t<\/div>\n\t\t<\/div>\n\n\t\t<div class=\"grid-view bb-grid grid-box-\">\n\n\t\t\t<div id=\"course-dir-list\" class=\"course-dir-list bs-dir-list columns-3 course-dir-list--media course-dir-list--status\">\n\t\t\t\t\t\t\t\t\t<ul class=\"bb-card-list bb-course-items list-view bb-list hide \" aria-live=\"assertive\" aria-relevant=\"all\">\n\t\t\t\t\t\t\n<li class=\"bb-course-item-wrap\">\n\n\t<div class=\"bb-cover-list-item \">\n\t\t<div class=\"bb-course-cover\">\n\t\t\t<a title=\"Muros de Contenci\u00f3n Segmentados\" href=\"https:\/\/hardscaper.com\/es\/courses\/elementor-2078\/\" class=\"bb-cover-wrap\">\n\t\t\t\t<div class=\"ld-status ld-status-incomplete ld-third-background\">Free<\/div>\n\t\t\t\t<img decoding=\"async\" width=\"300\" height=\"157\" src=\"https:\/\/hardscaper.com\/wp-content\/uploads\/2021\/02\/TB2021_Hardscapers-featured-banner-course-3-segmental-retaining-wall-300x157.jpg\" class=\"attachment-medium size-medium wp-post-image\" alt=\"\" srcset=\"https:\/\/hardscaper.com\/wp-content\/uploads\/2021\/02\/TB2021_Hardscapers-featured-banner-course-3-segmental-retaining-wall-300x157.jpg 300w, https:\/\/hardscaper.com\/wp-content\/uploads\/2021\/02\/TB2021_Hardscapers-featured-banner-course-3-segmental-retaining-wall-1024x536.jpg 1024w, https:\/\/hardscaper.com\/wp-content\/uploads\/2021\/02\/TB2021_Hardscapers-featured-banner-course-3-segmental-retaining-wall-768x402.jpg 768w, https:\/\/hardscaper.com\/wp-content\/uploads\/2021\/02\/TB2021_Hardscapers-featured-banner-course-3-segmental-retaining-wall-400x209.jpg 400w, https:\/\/hardscaper.com\/wp-content\/uploads\/2021\/02\/TB2021_Hardscapers-featured-banner-course-3-segmental-retaining-wall-624x327.jpg 624w, https:\/\/hardscaper.com\/wp-content\/uploads\/2021\/02\/TB2021_Hardscapers-featured-banner-course-3-segmental-retaining-wall-50x26.jpg 50w, https:\/\/hardscaper.com\/wp-content\/uploads\/2021\/02\/TB2021_Hardscapers-featured-banner-course-3-segmental-retaining-wall-100x52.jpg 100w, https:\/\/hardscaper.com\/wp-content\/uploads\/2021\/02\/TB2021_Hardscapers-featured-banner-course-3-segmental-retaining-wall.jpg 1200w\" sizes=\"(max-width: 300px) 100vw, 300px\" \/>\t\t\t<\/a>\n\t\t<\/div>\n\n\t\t<div class=\"bb-card-course-details bb-card-course-details--noAccess\">\n\t\t\t<div class=\"course-lesson-count\">14 Lecciones<\/div>\t\t\t<h2 class=\"bb-course-title \">\n\t\t\t\t<a title=\"Muros de Contenci\u00f3n Segmentados\" href=\"https:\/\/hardscaper.com\/es\/courses\/elementor-2078\/\">Muros de Contenci\u00f3n Segmentados<\/a>\n\t\t\t<\/h2>\n\n\t\t\t\n\t\t\t\n\t\t\t<div class=\"bb-course-excerpt\">\n\t\t\t\ttest\t\t\t<\/div>\n\n\t\t\t\t\t<\/div>\n\t<\/div>\n<\/li>\n\n<li class=\"bb-course-item-wrap\">\n\n\t<div class=\"bb-cover-list-item \">\n\t\t<div class=\"bb-course-cover\">\n\t\t\t<a title=\"Pavimento con Adoquines de Concreto\" href=\"https:\/\/hardscaper.com\/es\/courses\/pavimento-con-adoquines-de-concreto\/\" class=\"bb-cover-wrap\">\n\t\t\t\t<div class=\"ld-status ld-status-incomplete ld-third-background\">Free<\/div>\n\t\t\t\t<img decoding=\"async\" width=\"300\" height=\"157\" src=\"https:\/\/hardscaper.com\/wp-content\/uploads\/2021\/02\/TB2021_Hardscapers-banner-course-2-interlocking-concrete-1-300x157.jpg\" class=\"attachment-medium size-medium wp-post-image\" alt=\"\" srcset=\"https:\/\/hardscaper.com\/wp-content\/uploads\/2021\/02\/TB2021_Hardscapers-banner-course-2-interlocking-concrete-1-300x157.jpg 300w, https:\/\/hardscaper.com\/wp-content\/uploads\/2021\/02\/TB2021_Hardscapers-banner-course-2-interlocking-concrete-1-1024x536.jpg 1024w, https:\/\/hardscaper.com\/wp-content\/uploads\/2021\/02\/TB2021_Hardscapers-banner-course-2-interlocking-concrete-1-150x79.jpg 150w, https:\/\/hardscaper.com\/wp-content\/uploads\/2021\/02\/TB2021_Hardscapers-banner-course-2-interlocking-concrete-1-768x402.jpg 768w, https:\/\/hardscaper.com\/wp-content\/uploads\/2021\/02\/TB2021_Hardscapers-banner-course-2-interlocking-concrete-1-400x209.jpg 400w, https:\/\/hardscaper.com\/wp-content\/uploads\/2021\/02\/TB2021_Hardscapers-banner-course-2-interlocking-concrete-1-624x327.jpg 624w, https:\/\/hardscaper.com\/wp-content\/uploads\/2021\/02\/TB2021_Hardscapers-banner-course-2-interlocking-concrete-1-50x26.jpg 50w, https:\/\/hardscaper.com\/wp-content\/uploads\/2021\/02\/TB2021_Hardscapers-banner-course-2-interlocking-concrete-1-100x52.jpg 100w, https:\/\/hardscaper.com\/wp-content\/uploads\/2021\/02\/TB2021_Hardscapers-banner-course-2-interlocking-concrete-1.jpg 1200w\" sizes=\"(max-width: 300px) 100vw, 300px\" \/>\t\t\t<\/a>\n\t\t<\/div>\n\n\t\t<div class=\"bb-card-course-details bb-card-course-details--noAccess\">\n\t\t\t<div class=\"course-lesson-count\">14 Lecciones<\/div>\t\t\t<h2 class=\"bb-course-title \">\n\t\t\t\t<a title=\"Pavimento con Adoquines de Concreto\" href=\"https:\/\/hardscaper.com\/es\/courses\/pavimento-con-adoquines-de-concreto\/\">Pavimento con Adoquines de Concreto<\/a>\n\t\t\t<\/h2>\n\n\t\t\t\n\t\t\t\n\t\t\t<div class=\"bb-course-excerpt\">\n\t\t\t\t\t\t\t<\/div>\n\n\t\t\t\t\t<\/div>\n\t<\/div>\n<\/li>\n\t\t\t\t\t<\/ul>\n\n\t\t\t\t\t<ul class=\"bb-card-list bb-course-items grid-view bb-grid  \" aria-live=\"assertive\" aria-relevant=\"all\">\n\t\t\t\t\t\t\n<li class=\"bb-course-item-wrap\">\n\n\t<div class=\"bb-cover-list-item \">\n\t\t<div class=\"bb-course-cover\">\n\t\t\t<a title=\"Muros de Contenci\u00f3n Segmentados\" href=\"https:\/\/hardscaper.com\/es\/courses\/elementor-2078\/\" class=\"bb-cover-wrap\">\n\t\t\t\t<div class=\"ld-status ld-status-incomplete ld-third-background\">Free<\/div>\n\t\t\t\t<img decoding=\"async\" width=\"300\" height=\"157\" src=\"https:\/\/hardscaper.com\/wp-content\/uploads\/2021\/02\/TB2021_Hardscapers-featured-banner-course-3-segmental-retaining-wall-300x157.jpg\" class=\"attachment-medium size-medium wp-post-image\" alt=\"\" srcset=\"https:\/\/hardscaper.com\/wp-content\/uploads\/2021\/02\/TB2021_Hardscapers-featured-banner-course-3-segmental-retaining-wall-300x157.jpg 300w, https:\/\/hardscaper.com\/wp-content\/uploads\/2021\/02\/TB2021_Hardscapers-featured-banner-course-3-segmental-retaining-wall-1024x536.jpg 1024w, https:\/\/hardscaper.com\/wp-content\/uploads\/2021\/02\/TB2021_Hardscapers-featured-banner-course-3-segmental-retaining-wall-768x402.jpg 768w, https:\/\/hardscaper.com\/wp-content\/uploads\/2021\/02\/TB2021_Hardscapers-featured-banner-course-3-segmental-retaining-wall-400x209.jpg 400w, https:\/\/hardscaper.com\/wp-content\/uploads\/2021\/02\/TB2021_Hardscapers-featured-banner-course-3-segmental-retaining-wall-624x327.jpg 624w, https:\/\/hardscaper.com\/wp-content\/uploads\/2021\/02\/TB2021_Hardscapers-featured-banner-course-3-segmental-retaining-wall-50x26.jpg 50w, https:\/\/hardscaper.com\/wp-content\/uploads\/2021\/02\/TB2021_Hardscapers-featured-banner-course-3-segmental-retaining-wall-100x52.jpg 100w, https:\/\/hardscaper.com\/wp-content\/uploads\/2021\/02\/TB2021_Hardscapers-featured-banner-course-3-segmental-retaining-wall.jpg 1200w\" sizes=\"(max-width: 300px) 100vw, 300px\" \/>\t\t\t<\/a>\n\t\t<\/div>\n\n\t\t<div class=\"bb-card-course-details bb-card-course-details--noAccess\">\n\t\t\t<div class=\"course-lesson-count\">14 Lecciones<\/div>\t\t\t<h2 class=\"bb-course-title \">\n\t\t\t\t<a title=\"Muros de Contenci\u00f3n Segmentados\" href=\"https:\/\/hardscaper.com\/es\/courses\/elementor-2078\/\">Muros de Contenci\u00f3n Segmentados<\/a>\n\t\t\t<\/h2>\n\n\t\t\t\n\t\t\t\n\t\t\t<div class=\"bb-course-excerpt\">\n\t\t\t\ttest\t\t\t<\/div>\n\n\t\t\t\t\t<\/div>\n\t<\/div>\n<\/li>\n\n<li class=\"bb-course-item-wrap\">\n\n\t<div class=\"bb-cover-list-item \">\n\t\t<div class=\"bb-course-cover\">\n\t\t\t<a title=\"Pavimento con Adoquines de Concreto\" href=\"https:\/\/hardscaper.com\/es\/courses\/pavimento-con-adoquines-de-concreto\/\" class=\"bb-cover-wrap\">\n\t\t\t\t<div class=\"ld-status ld-status-incomplete ld-third-background\">Free<\/div>\n\t\t\t\t<img decoding=\"async\" width=\"300\" height=\"157\" src=\"https:\/\/hardscaper.com\/wp-content\/uploads\/2021\/02\/TB2021_Hardscapers-banner-course-2-interlocking-concrete-1-300x157.jpg\" class=\"attachment-medium size-medium wp-post-image\" alt=\"\" srcset=\"https:\/\/hardscaper.com\/wp-content\/uploads\/2021\/02\/TB2021_Hardscapers-banner-course-2-interlocking-concrete-1-300x157.jpg 300w, https:\/\/hardscaper.com\/wp-content\/uploads\/2021\/02\/TB2021_Hardscapers-banner-course-2-interlocking-concrete-1-1024x536.jpg 1024w, https:\/\/hardscaper.com\/wp-content\/uploads\/2021\/02\/TB2021_Hardscapers-banner-course-2-interlocking-concrete-1-150x79.jpg 150w, https:\/\/hardscaper.com\/wp-content\/uploads\/2021\/02\/TB2021_Hardscapers-banner-course-2-interlocking-concrete-1-768x402.jpg 768w, https:\/\/hardscaper.com\/wp-content\/uploads\/2021\/02\/TB2021_Hardscapers-banner-course-2-interlocking-concrete-1-400x209.jpg 400w, https:\/\/hardscaper.com\/wp-content\/uploads\/2021\/02\/TB2021_Hardscapers-banner-course-2-interlocking-concrete-1-624x327.jpg 624w, https:\/\/hardscaper.com\/wp-content\/uploads\/2021\/02\/TB2021_Hardscapers-banner-course-2-interlocking-concrete-1-50x26.jpg 50w, https:\/\/hardscaper.com\/wp-content\/uploads\/2021\/02\/TB2021_Hardscapers-banner-course-2-interlocking-concrete-1-100x52.jpg 100w, https:\/\/hardscaper.com\/wp-content\/uploads\/2021\/02\/TB2021_Hardscapers-banner-course-2-interlocking-concrete-1.jpg 1200w\" sizes=\"(max-width: 300px) 100vw, 300px\" \/>\t\t\t<\/a>\n\t\t<\/div>\n\n\t\t<div class=\"bb-card-course-details bb-card-course-details--noAccess\">\n\t\t\t<div class=\"course-lesson-count\">14 Lecciones<\/div>\t\t\t<h2 class=\"bb-course-title \">\n\t\t\t\t<a title=\"Pavimento con Adoquines de Concreto\" href=\"https:\/\/hardscaper.com\/es\/courses\/pavimento-con-adoquines-de-concreto\/\">Pavimento con Adoquines de Concreto<\/a>\n\t\t\t<\/h2>\n\n\t\t\t\n\t\t\t\n\t\t\t<div class=\"bb-course-excerpt\">\n\t\t\t\t\t\t\t<\/div>\n\n\t\t\t\t\t<\/div>\n\t<\/div>\n<\/li>\n\t\t\t\t\t<\/ul>\n\t\t\t\t\t\t\t\t\t\t\t\t\t<\/div>\n\t\t<\/div>\n\t<\/form>\n<\/div>\n\t\t\t\t<\/div>\n\t\t\t\t<\/div>\n\t\t\t\t\t<\/div>\n\t\t<\/div>\n\t\t\t\t\t<\/div>\n\t\t<\/section>\n\t\t\t\t<\/div>\n\t\t","protected":false},"excerpt":{"rendered":"<p>CURSOS Ya sea que est\u00e9 buscando adquirir nuevas habilidades de construcci\u00f3n o aprender a comercializar su negocio, tenemos un curso para usted.\u00a1Algunos de los cuales&hellip;<\/p>\n","protected":false},"author":3,"featured_media":0,"parent":0,"menu_order":0,"comment_status":"closed","ping_status":"closed","template":"elementor_header_footer","meta":{"inline_featured_image":false,"footnotes":""},"class_list":["post-2076","page","type-page","status-publish","hentry"],"yoast_head":"<!-- This site is optimized with the Yoast SEO plugin v27.2 - https:\/\/yoast.com\/product\/yoast-seo-wordpress\/ -->\n<title>Hardscaper - P\u00e1gina de inicio - Hardscaper.com<\/title>\n<meta name=\"robots\" content=\"index, follow, max-snippet:-1, max-image-preview:large, max-video-preview:-1\" \/>\n<link rel=\"canonical\" href=\"https:\/\/hardscaper.com\/es\/\" \/>\n<meta property=\"og:locale\" content=\"es_ES\" \/>\n<meta property=\"og:type\" content=\"article\" \/>\n<meta property=\"og:title\" content=\"Hardscaper - P\u00e1gina de inicio - Hardscaper.com\" \/>\n<meta property=\"og:description\" content=\"CURSOS Ya sea que est\u00e9 buscando adquirir nuevas habilidades de construcci\u00f3n o aprender a comercializar su negocio, tenemos un curso para usted.\u00a1Algunos de los cuales&hellip;\" \/>\n<meta property=\"og:url\" content=\"https:\/\/hardscaper.com\/es\/\" \/>\n<meta property=\"og:site_name\" content=\"Hardscaper.com\" \/>\n<meta property=\"article:modified_time\" content=\"2023-03-07T16:42:41+00:00\" \/>\n<meta property=\"og:image\" content=\"https:\/\/hardscaper.com\/wp-content\/uploads\/2021\/02\/TB2021_Hardscapers-featured-banner-course-3-segmental-retaining-wall-300x157.jpg\" \/>\n<meta name=\"twitter:card\" content=\"summary_large_image\" \/>\n<meta name=\"twitter:label1\" content=\"Tiempo de lectura\" \/>\n\t<meta name=\"twitter:data1\" content=\"3 minutos\" \/>\n<script type=\"application\/ld+json\" class=\"yoast-schema-graph\">{\"@context\":\"https:\/\/schema.org\",\"@graph\":[{\"@type\":\"WebPage\",\"@id\":\"https:\/\/hardscaper.com\/es\/\",\"url\":\"https:\/\/hardscaper.com\/es\/\",\"name\":\"Hardscaper - P\u00e1gina de inicio - Hardscaper.com\",\"isPartOf\":{\"@id\":\"https:\/\/hardscaper.com\/fr\/#website\"},\"primaryImageOfPage\":{\"@id\":\"https:\/\/hardscaper.com\/es\/#primaryimage\"},\"image\":{\"@id\":\"https:\/\/hardscaper.com\/es\/#primaryimage\"},\"thumbnailUrl\":\"https:\/\/hardscaper.com\/wp-content\/uploads\/2021\/02\/TB2021_Hardscapers-featured-banner-course-3-segmental-retaining-wall-300x157.jpg\",\"datePublished\":\"2023-03-06T16:56:30+00:00\",\"dateModified\":\"2023-03-07T16:42:41+00:00\",\"breadcrumb\":{\"@id\":\"https:\/\/hardscaper.com\/es\/#breadcrumb\"},\"inLanguage\":\"es\",\"potentialAction\":[{\"@type\":\"ReadAction\",\"target\":[\"https:\/\/hardscaper.com\/es\/\"]}]},{\"@type\":\"ImageObject\",\"inLanguage\":\"es\",\"@id\":\"https:\/\/hardscaper.com\/es\/#primaryimage\",\"url\":\"https:\/\/hardscaper.com\/wp-content\/uploads\/2021\/02\/TB2021_Hardscapers-featured-banner-course-3-segmental-retaining-wall-300x157.jpg\",\"contentUrl\":\"https:\/\/hardscaper.com\/wp-content\/uploads\/2021\/02\/TB2021_Hardscapers-featured-banner-course-3-segmental-retaining-wall-300x157.jpg\"},{\"@type\":\"BreadcrumbList\",\"@id\":\"https:\/\/hardscaper.com\/es\/#breadcrumb\",\"itemListElement\":[{\"@type\":\"ListItem\",\"position\":1,\"name\":\"Home\",\"item\":\"https:\/\/hardscaper.com\/es\/\"},{\"@type\":\"ListItem\",\"position\":2,\"name\":\"Hardscaper &#8211; P\u00e1gina de inicio\"}]},{\"@type\":\"WebSite\",\"@id\":\"https:\/\/hardscaper.com\/fr\/#website\",\"url\":\"https:\/\/hardscaper.com\/fr\/\",\"name\":\"Hardscaper.com\",\"description\":\"LEARN FROM THE INDUSTRY LEADERS\",\"publisher\":{\"@id\":\"https:\/\/hardscaper.com\/fr\/#organization\"},\"potentialAction\":[{\"@type\":\"SearchAction\",\"target\":{\"@type\":\"EntryPoint\",\"urlTemplate\":\"https:\/\/hardscaper.com\/fr\/?s={search_term_string}\"},\"query-input\":{\"@type\":\"PropertyValueSpecification\",\"valueRequired\":true,\"valueName\":\"search_term_string\"}}],\"inLanguage\":\"es\"},{\"@type\":\"Organization\",\"@id\":\"https:\/\/hardscaper.com\/fr\/#organization\",\"name\":\"Hardscaper.com\",\"url\":\"https:\/\/hardscaper.com\/fr\/\",\"logo\":{\"@type\":\"ImageObject\",\"inLanguage\":\"es\",\"@id\":\"https:\/\/hardscaper.com\/fr\/#\/schema\/logo\/image\/\",\"url\":\"https:\/\/hardscaper.com\/wp-content\/uploads\/2021\/02\/logo-1-1.png\",\"contentUrl\":\"https:\/\/hardscaper.com\/wp-content\/uploads\/2021\/02\/logo-1-1.png\",\"width\":200,\"height\":66,\"caption\":\"Hardscaper.com\"},\"image\":{\"@id\":\"https:\/\/hardscaper.com\/fr\/#\/schema\/logo\/image\/\"}}]}<\/script>\n<!-- \/ Yoast SEO plugin. -->","yoast_head_json":{"title":"Hardscaper - P\u00e1gina de inicio - Hardscaper.com","robots":{"index":"index","follow":"follow","max-snippet":"max-snippet:-1","max-image-preview":"max-image-preview:large","max-video-preview":"max-video-preview:-1"},"canonical":"https:\/\/hardscaper.com\/es\/","og_locale":"es_ES","og_type":"article","og_title":"Hardscaper - P\u00e1gina de inicio - Hardscaper.com","og_description":"CURSOS Ya sea que est\u00e9 buscando adquirir nuevas habilidades de construcci\u00f3n o aprender a comercializar su negocio, tenemos un curso para usted.\u00a1Algunos de los cuales&hellip;","og_url":"https:\/\/hardscaper.com\/es\/","og_site_name":"Hardscaper.com","article_modified_time":"2023-03-07T16:42:41+00:00","og_image":[{"url":"https:\/\/hardscaper.com\/wp-content\/uploads\/2021\/02\/TB2021_Hardscapers-featured-banner-course-3-segmental-retaining-wall-300x157.jpg","type":"","width":"","height":""}],"twitter_card":"summary_large_image","twitter_misc":{"Tiempo de lectura":"3 minutos"},"schema":{"@context":"https:\/\/schema.org","@graph":[{"@type":"WebPage","@id":"https:\/\/hardscaper.com\/es\/","url":"https:\/\/hardscaper.com\/es\/","name":"Hardscaper - P\u00e1gina de inicio - Hardscaper.com","isPartOf":{"@id":"https:\/\/hardscaper.com\/fr\/#website"},"primaryImageOfPage":{"@id":"https:\/\/hardscaper.com\/es\/#primaryimage"},"image":{"@id":"https:\/\/hardscaper.com\/es\/#primaryimage"},"thumbnailUrl":"https:\/\/hardscaper.com\/wp-content\/uploads\/2021\/02\/TB2021_Hardscapers-featured-banner-course-3-segmental-retaining-wall-300x157.jpg","datePublished":"2023-03-06T16:56:30+00:00","dateModified":"2023-03-07T16:42:41+00:00","breadcrumb":{"@id":"https:\/\/hardscaper.com\/es\/#breadcrumb"},"inLanguage":"es","potentialAction":[{"@type":"ReadAction","target":["https:\/\/hardscaper.com\/es\/"]}]},{"@type":"ImageObject","inLanguage":"es","@id":"https:\/\/hardscaper.com\/es\/#primaryimage","url":"https:\/\/hardscaper.com\/wp-content\/uploads\/2021\/02\/TB2021_Hardscapers-featured-banner-course-3-segmental-retaining-wall-300x157.jpg","contentUrl":"https:\/\/hardscaper.com\/wp-content\/uploads\/2021\/02\/TB2021_Hardscapers-featured-banner-course-3-segmental-retaining-wall-300x157.jpg"},{"@type":"BreadcrumbList","@id":"https:\/\/hardscaper.com\/es\/#breadcrumb","itemListElement":[{"@type":"ListItem","position":1,"name":"Home","item":"https:\/\/hardscaper.com\/es\/"},{"@type":"ListItem","position":2,"name":"Hardscaper &#8211; P\u00e1gina de inicio"}]},{"@type":"WebSite","@id":"https:\/\/hardscaper.com\/fr\/#website","url":"https:\/\/hardscaper.com\/fr\/","name":"Hardscaper.com","description":"LEARN FROM THE INDUSTRY LEADERS","publisher":{"@id":"https:\/\/hardscaper.com\/fr\/#organization"},"potentialAction":[{"@type":"SearchAction","target":{"@type":"EntryPoint","urlTemplate":"https:\/\/hardscaper.com\/fr\/?s={search_term_string}"},"query-input":{"@type":"PropertyValueSpecification","valueRequired":true,"valueName":"search_term_string"}}],"inLanguage":"es"},{"@type":"Organization","@id":"https:\/\/hardscaper.com\/fr\/#organization","name":"Hardscaper.com","url":"https:\/\/hardscaper.com\/fr\/","logo":{"@type":"ImageObject","inLanguage":"es","@id":"https:\/\/hardscaper.com\/fr\/#\/schema\/logo\/image\/","url":"https:\/\/hardscaper.com\/wp-content\/uploads\/2021\/02\/logo-1-1.png","contentUrl":"https:\/\/hardscaper.com\/wp-content\/uploads\/2021\/02\/logo-1-1.png","width":200,"height":66,"caption":"Hardscaper.com"},"image":{"@id":"https:\/\/hardscaper.com\/fr\/#\/schema\/logo\/image\/"}}]}},"_links":{"self":[{"href":"https:\/\/hardscaper.com\/es\/wp-json\/wp\/v2\/pages\/2076","targetHints":{"allow":["GET"]}}],"collection":[{"href":"https:\/\/hardscaper.com\/es\/wp-json\/wp\/v2\/pages"}],"about":[{"href":"https:\/\/hardscaper.com\/es\/wp-json\/wp\/v2\/types\/page"}],"author":[{"embeddable":true,"href":"https:\/\/hardscaper.com\/es\/wp-json\/wp\/v2\/users\/3"}],"replies":[{"embeddable":true,"href":"https:\/\/hardscaper.com\/es\/wp-json\/wp\/v2\/comments?post=2076"}],"version-history":[{"count":0,"href":"https:\/\/hardscaper.com\/es\/wp-json\/wp\/v2\/pages\/2076\/revisions"}],"wp:attachment":[{"href":"https:\/\/hardscaper.com\/es\/wp-json\/wp\/v2\/media?parent=2076"}],"curies":[{"name":"wp","href":"https:\/\/api.w.org\/{rel}","templated":true}]}}